{"id":2,"date":"2016-05-10T03:48:21","date_gmt":"2016-05-10T03:48:21","guid":{"rendered":"http:\/\/elektrotechnik-huefner.de\/?page_id=2"},"modified":"2020-09-22T09:41:44","modified_gmt":"2020-09-22T09:41:44","slug":"sample-page","status":"publish","type":"page","link":"http:\/\/elektrotechnik-huefner.de\/","title":{"rendered":"Startseite"},"content":{"rendered":"\n<p><strong>Elektrotechnik H\u00fcfner<\/strong><\/p>\n\n\n\n<p>Ob komplette Elektroinstallation in Neu- und Altbauten, Installation von Netzwerken oder SAT-Anlagen. Wir beraten Sie fachm\u00e4nnisch, welche technischen M\u00f6glichkeiten Ihnen heute das Leben sicherer und komfortabler machen, wie Sie effizient Ihre Gesch\u00e4fts- und Privatr\u00e4ume mit den erforderlichen Elektroinstallationen ausstatten.<\/p>\n\n\n\n<p>Wir sind Ihr kompetenter Ansprechpartner vor Ort.<\/p>\n\n\n\n<figure class=\"wp-block-image size-large\"><img loading=\"lazy\" decoding=\"async\" width=\"960\" height=\"361\" src=\"http:\/\/elektrotechnik-huefner.de\/wp-content\/uploads\/2020\/09\/Elektrotechnik-Startseite.jpg\" alt=\"\" class=\"wp-image-59\" srcset=\"http:\/\/elektrotechnik-huefner.de\/wp-content\/uploads\/2020\/09\/Elektrotechnik-Startseite.jpg 960w, http:\/\/elektrotechnik-huefner.de\/wp-content\/uploads\/2020\/09\/Elektrotechnik-Startseite-300x113.jpg 300w, http:\/\/elektrotechnik-huefner.de\/wp-content\/uploads\/2020\/09\/Elektrotechnik-Startseite-768x289.jpg 768w\" sizes=\"auto, (max-width: 960px) 100vw, 960px\" \/><\/figure>\n","protected":false},"excerpt":{"rendered":"<p>Elektrotechnik H\u00fcfner Ob komplette Elektroinstallation in Neu- und Altbauten, Installation von Netzwerken oder SAT-Anlagen. Wir beraten Sie fachm\u00e4nnisch, welche technischen M\u00f6glichkeiten Ihnen heute das Leben sicherer und komfortabler machen, wie Sie effizient Ihre Gesch\u00e4fts- und Privatr\u00e4ume mit den erforderlichen Elektroinstallationen ausstatten. Wir sind Ihr kompetenter Ansprechpartner vor Ort.<\/p>\n","protected":false},"author":1,"featured_media":0,"parent":0,"menu_order":0,"comment_status":"closed","ping_status":"open","template":"","meta":{"footnotes":""},"class_list":["post-2","page","type-page","status-publish"],"_links":{"self":[{"href":"http:\/\/elektrotechnik-huefner.de\/index.php?rest_route=\/wp\/v2\/pages\/2","targetHints":{"allow":["GET"]}}],"collection":[{"href":"http:\/\/elektrotechnik-huefner.de\/index.php?rest_route=\/wp\/v2\/pages"}],"about":[{"href":"http:\/\/elektrotechnik-huefner.de\/index.php?rest_route=\/wp\/v2\/types\/page"}],"author":[{"embeddable":true,"href":"http:\/\/elektrotechnik-huefner.de\/index.php?rest_route=\/wp\/v2\/users\/1"}],"replies":[{"embeddable":true,"href":"http:\/\/elektrotechnik-huefner.de\/index.php?rest_route=%2Fwp%2Fv2%2Fcomments&post=2"}],"version-history":[{"count":2,"href":"http:\/\/elektrotechnik-huefner.de\/index.php?rest_route=\/wp\/v2\/pages\/2\/revisions"}],"predecessor-version":[{"id":60,"href":"http:\/\/elektrotechnik-huefner.de\/index.php?rest_route=\/wp\/v2\/pages\/2\/revisions\/60"}],"wp:attachment":[{"href":"http:\/\/elektrotechnik-huefner.de\/index.php?rest_route=%2Fwp%2Fv2%2Fmedia&parent=2"}],"curies":[{"name":"wp","href":"https:\/\/api.w.org\/{rel}","templated":true}]}}