{"id":44,"date":"2020-09-22T09:38:17","date_gmt":"2020-09-22T09:38:17","guid":{"rendered":"http:\/\/elektrotechnik-huefner.de\/?page_id=44"},"modified":"2020-09-22T10:09:49","modified_gmt":"2020-09-22T10:09:49","slug":"e-check","status":"publish","type":"page","link":"http:\/\/elektrotechnik-huefner.de\/?page_id=44","title":{"rendered":"E-Check"},"content":{"rendered":"\n<p>Bei elektrischen Anlagen \u2013 egal ob in Ihren Wohnr\u00e4umen, Ihrem B\u00fcro oder in ihrem Betrieb \u2013 muss Sicherheit gro\u00dfgeschrieben werden!<\/p>\n\n\n\n<p>Der E-Check gibt Ihnen die Gewissheit, dass Ihre Elektroanlage allen Sicherheitsvorschriften gen\u00fcgt. Der E-CHECK ist die anerkannte, normengerechte Pr\u00fcfung aller elektrischer Anlagen und Ger\u00e4te im Haus. Beim E-CHECK wird gepr\u00fcft, ob sich die Anlagen und Ger\u00e4te im ordnungsgem\u00e4\u00dfen Zustand im Sinne der jeweils geltenden VDE-Bestimmungen befinden.<\/p>\n","protected":false},"excerpt":{"rendered":"<p>Bei elektrischen Anlagen \u2013 egal ob in Ihren Wohnr\u00e4umen, Ihrem B\u00fcro oder in ihrem Betrieb \u2013 muss Sicherheit gro\u00dfgeschrieben werden! Der E-Check gibt Ihnen die Gewissheit, dass Ihre Elektroanlage allen Sicherheitsvorschriften gen\u00fcgt. Der E-CHECK ist die anerkannte, normengerechte Pr\u00fcfung aller elektrischer Anlagen und Ger\u00e4te im Haus. Beim E-CHECK wird gepr\u00fcft, ob sich die Anlagen und &#8230; <a title=\"E-Check\" class=\"read-more\" href=\"http:\/\/elektrotechnik-huefner.de\/?page_id=44\" aria-label=\"Mehr Informationen \u00fcber E-Check\">Weiterlesen<\/a><\/p>\n","protected":false},"author":1,"featured_media":0,"parent":0,"menu_order":0,"comment_status":"closed","ping_status":"closed","template":"","meta":{"footnotes":""},"class_list":["post-44","page","type-page","status-publish"],"_links":{"self":[{"href":"http:\/\/elektrotechnik-huefner.de\/index.php?rest_route=\/wp\/v2\/pages\/44","targetHints":{"allow":["GET"]}}],"collection":[{"href":"http:\/\/elektrotechnik-huefner.de\/index.php?rest_route=\/wp\/v2\/pages"}],"about":[{"href":"http:\/\/elektrotechnik-huefner.de\/index.php?rest_route=\/wp\/v2\/types\/page"}],"author":[{"embeddable":true,"href":"http:\/\/elektrotechnik-huefner.de\/index.php?rest_route=\/wp\/v2\/users\/1"}],"replies":[{"embeddable":true,"href":"http:\/\/elektrotechnik-huefner.de\/index.php?rest_route=%2Fwp%2Fv2%2Fcomments&post=44"}],"version-history":[{"count":2,"href":"http:\/\/elektrotechnik-huefner.de\/index.php?rest_route=\/wp\/v2\/pages\/44\/revisions"}],"predecessor-version":[{"id":73,"href":"http:\/\/elektrotechnik-huefner.de\/index.php?rest_route=\/wp\/v2\/pages\/44\/revisions\/73"}],"wp:attachment":[{"href":"http:\/\/elektrotechnik-huefner.de\/index.php?rest_route=%2Fwp%2Fv2%2Fmedia&parent=44"}],"curies":[{"name":"wp","href":"https:\/\/api.w.org\/{rel}","templated":true}]}}