{"id":39,"date":"2020-09-22T09:38:17","date_gmt":"2020-09-22T09:38:17","guid":{"rendered":"http:\/\/elektrotechnik-huefner.de\/?page_id=39"},"modified":"2020-09-22T09:46:39","modified_gmt":"2020-09-22T09:46:39","slug":"elektrotechnik","status":"publish","type":"page","link":"https:\/\/elektrotechnik-huefner.de\/?page_id=39","title":{"rendered":"Elektrotechnik"},"content":{"rendered":"\n<p><strong>Elektrotechnik<\/strong><\/p>\n\n\n\n<p>Elektroinstallation in Neu- und Altbauten, komplette Hausinstallation oder kleinere Einheiten: Wir beraten Sie ausf\u00fchrlich, erstellen die Planung und f\u00fchren die professionelle Installation, basierend auf den neusten (geltenden) Vorschriften, durch.<\/p>\n\n\n\n<p>Gern entwickeln wir auf Ihre W\u00fcnsche und Bed\u00fcrfnisse eingehende individuelle L\u00f6sungen zu allen Fragen im Bereich der Elektrotechnik.<\/p>\n\n\n\n<figure class=\"wp-block-image size-large\"><img loading=\"lazy\" decoding=\"async\" width=\"768\" height=\"1024\" src=\"http:\/\/elektrotechnik-huefner.de\/wp-content\/uploads\/2020\/09\/Zaehlerschrank-scaled-e1600767922440-768x1024.jpg\" alt=\"\" class=\"wp-image-67\" srcset=\"https:\/\/elektrotechnik-huefner.de\/wp-content\/uploads\/2020\/09\/Zaehlerschrank-scaled-e1600767922440-768x1024.jpg 768w, https:\/\/elektrotechnik-huefner.de\/wp-content\/uploads\/2020\/09\/Zaehlerschrank-scaled-e1600767922440-225x300.jpg 225w, https:\/\/elektrotechnik-huefner.de\/wp-content\/uploads\/2020\/09\/Zaehlerschrank-scaled-e1600767922440-1152x1536.jpg 1152w, https:\/\/elektrotechnik-huefner.de\/wp-content\/uploads\/2020\/09\/Zaehlerschrank-scaled-e1600767922440-1536x2048.jpg 1536w, https:\/\/elektrotechnik-huefner.de\/wp-content\/uploads\/2020\/09\/Zaehlerschrank-scaled-e1600767922440.jpg 1920w\" sizes=\"auto, (max-width: 768px) 100vw, 768px\" \/><figcaption>Neuinstallation, Austausch, Umbau<\/figcaption><\/figure>\n","protected":false},"excerpt":{"rendered":"<p>Elektrotechnik Elektroinstallation in Neu- und Altbauten, komplette Hausinstallation oder kleinere Einheiten: Wir beraten Sie ausf\u00fchrlich, erstellen die Planung und f\u00fchren die professionelle Installation, basierend auf den neusten (geltenden) Vorschriften, durch. Gern entwickeln wir auf Ihre W\u00fcnsche und Bed\u00fcrfnisse eingehende individuelle L\u00f6sungen zu allen Fragen im Bereich der Elektrotechnik.<\/p>\n","protected":false},"author":1,"featured_media":0,"parent":0,"menu_order":0,"comment_status":"closed","ping_status":"closed","template":"","meta":{"footnotes":""},"class_list":["post-39","page","type-page","status-publish"],"_links":{"self":[{"href":"https:\/\/elektrotechnik-huefner.de\/index.php?rest_route=\/wp\/v2\/pages\/39","targetHints":{"allow":["GET"]}}],"collection":[{"href":"https:\/\/elektrotechnik-huefner.de\/index.php?rest_route=\/wp\/v2\/pages"}],"about":[{"href":"https:\/\/elektrotechnik-huefner.de\/index.php?rest_route=\/wp\/v2\/types\/page"}],"author":[{"embeddable":true,"href":"https:\/\/elektrotechnik-huefner.de\/index.php?rest_route=\/wp\/v2\/users\/1"}],"replies":[{"embeddable":true,"href":"https:\/\/elektrotechnik-huefner.de\/index.php?rest_route=%2Fwp%2Fv2%2Fcomments&post=39"}],"version-history":[{"count":2,"href":"https:\/\/elektrotechnik-huefner.de\/index.php?rest_route=\/wp\/v2\/pages\/39\/revisions"}],"predecessor-version":[{"id":68,"href":"https:\/\/elektrotechnik-huefner.de\/index.php?rest_route=\/wp\/v2\/pages\/39\/revisions\/68"}],"wp:attachment":[{"href":"https:\/\/elektrotechnik-huefner.de\/index.php?rest_route=%2Fwp%2Fv2%2Fmedia&parent=39"}],"curies":[{"name":"wp","href":"https:\/\/api.w.org\/{rel}","templated":true}]}}