{"id":40,"date":"2020-09-22T09:38:17","date_gmt":"2020-09-22T09:38:17","guid":{"rendered":"http:\/\/elektrotechnik-huefner.de\/?page_id=40"},"modified":"2020-09-22T09:48:55","modified_gmt":"2020-09-22T09:48:55","slug":"netzwerktechnik","status":"publish","type":"page","link":"https:\/\/elektrotechnik-huefner.de\/?page_id=40","title":{"rendered":"Netzwerktechnik"},"content":{"rendered":"\n<p><strong>Netzwerktechnik<\/strong><\/p>\n\n\n\n<p>Die Kommunikations- und Medienwelt ver\u00e4ndert sich sowohl im privaten als auch im kommerziellen Bereich rasend schnell. Neue Technik setzt auch neue Anforderungen an unsere Netzwerke. Die Ger\u00e4te im ganzen Haus kommunizieren zunehmend miteinander und erleichtern uns den Alltag, wir telefonieren \u00fcber das Internet oder sehen fern, und im B\u00fcro soll man von \u00fcberall Zugriff auf die gemeinsamen Daten oder den gemeinsam genutzten Drucker haben. Die Grundlage bildet ein sorgf\u00e4ltig geplantes Netzwerk. Ob Privat oder in klein bis Mittelst\u00e4ndischen Unternehmen.<\/p>\n\n\n\n<p>Wir bieten Ihnen hier eine ausf\u00fchrliche Beratung an, planen f\u00fcr Sie das Netzwerk nach Ihren ganz individuellen Bed\u00fcrfnissen und \u00fcbernehmen die Komplettinstallation.<\/p>\n\n\n\n<figure class=\"wp-block-image size-large\"><img loading=\"lazy\" decoding=\"async\" width=\"768\" height=\"1024\" src=\"http:\/\/elektrotechnik-huefner.de\/wp-content\/uploads\/2020\/09\/Rack-scaled-e1600767943328-768x1024.jpg\" alt=\"\" class=\"wp-image-65\" srcset=\"https:\/\/elektrotechnik-huefner.de\/wp-content\/uploads\/2020\/09\/Rack-scaled-e1600767943328-768x1024.jpg 768w, https:\/\/elektrotechnik-huefner.de\/wp-content\/uploads\/2020\/09\/Rack-scaled-e1600767943328-225x300.jpg 225w, https:\/\/elektrotechnik-huefner.de\/wp-content\/uploads\/2020\/09\/Rack-scaled-e1600767943328-1152x1536.jpg 1152w, https:\/\/elektrotechnik-huefner.de\/wp-content\/uploads\/2020\/09\/Rack-scaled-e1600767943328-1536x2048.jpg 1536w, https:\/\/elektrotechnik-huefner.de\/wp-content\/uploads\/2020\/09\/Rack-scaled-e1600767943328.jpg 1920w\" sizes=\"auto, (max-width: 768px) 100vw, 768px\" \/><\/figure>\n\n\n\n<p><\/p>\n","protected":false},"excerpt":{"rendered":"<p>Netzwerktechnik Die Kommunikations- und Medienwelt ver\u00e4ndert sich sowohl im privaten als auch im kommerziellen Bereich rasend schnell. Neue Technik setzt auch neue Anforderungen an unsere Netzwerke. Die Ger\u00e4te im ganzen Haus kommunizieren zunehmend miteinander und erleichtern uns den Alltag, wir telefonieren \u00fcber das Internet oder sehen fern, und im B\u00fcro soll man von \u00fcberall Zugriff &#8230; <a title=\"Netzwerktechnik\" class=\"read-more\" href=\"https:\/\/elektrotechnik-huefner.de\/?page_id=40\" aria-label=\"Mehr Informationen \u00fcber Netzwerktechnik\">Weiterlesen<\/a><\/p>\n","protected":false},"author":1,"featured_media":0,"parent":0,"menu_order":0,"comment_status":"closed","ping_status":"closed","template":"","meta":{"footnotes":""},"class_list":["post-40","page","type-page","status-publish"],"_links":{"self":[{"href":"https:\/\/elektrotechnik-huefner.de\/index.php?rest_route=\/wp\/v2\/pages\/40","targetHints":{"allow":["GET"]}}],"collection":[{"href":"https:\/\/elektrotechnik-huefner.de\/index.php?rest_route=\/wp\/v2\/pages"}],"about":[{"href":"https:\/\/elektrotechnik-huefner.de\/index.php?rest_route=\/wp\/v2\/types\/page"}],"author":[{"embeddable":true,"href":"https:\/\/elektrotechnik-huefner.de\/index.php?rest_route=\/wp\/v2\/users\/1"}],"replies":[{"embeddable":true,"href":"https:\/\/elektrotechnik-huefner.de\/index.php?rest_route=%2Fwp%2Fv2%2Fcomments&post=40"}],"version-history":[{"count":2,"href":"https:\/\/elektrotechnik-huefner.de\/index.php?rest_route=\/wp\/v2\/pages\/40\/revisions"}],"predecessor-version":[{"id":69,"href":"https:\/\/elektrotechnik-huefner.de\/index.php?rest_route=\/wp\/v2\/pages\/40\/revisions\/69"}],"wp:attachment":[{"href":"https:\/\/elektrotechnik-huefner.de\/index.php?rest_route=%2Fwp%2Fv2%2Fmedia&parent=40"}],"curies":[{"name":"wp","href":"https:\/\/api.w.org\/{rel}","templated":true}]}}