{"id":41,"date":"2020-09-22T09:38:17","date_gmt":"2020-09-22T09:38:17","guid":{"rendered":"http:\/\/elektrotechnik-huefner.de\/?page_id=41"},"modified":"2020-09-22T09:50:21","modified_gmt":"2020-09-22T09:50:21","slug":"sat-anlagen","status":"publish","type":"page","link":"https:\/\/elektrotechnik-huefner.de\/?page_id=41","title":{"rendered":"SAT-Anlagen"},"content":{"rendered":"\n<p><strong>SAT-Anlagen<\/strong><\/p>\n\n\n\n<p>Insbesondere bei mehreren Nutzern muss die Installation der SAT-Anlage ausf\u00fchrlich geplant werden, sodass alle mit der gleich hohen Qualit\u00e4t an Satellitenfernsehen versorgt werden k\u00f6nnen. Optimierte Technik sorgt f\u00fcr st\u00f6rungsfreien Empfang.<\/p>\n\n\n\n<p>Wir beraten Sie gerne \u00fcber die M\u00f6glichkeiten der Empfangsoptimierung an Ihren Standort. Planung, Montage der Satelliten-Sch\u00fcssel (Parabolantenne) und\u00a0 Verlegung der Kabel sowie Installation aller Anschl\u00fcsse in den gew\u00fcnschten Wohnr\u00e4umen erhalten Sie von uns aus erster Hand. Selbstverst\u00e4ndlich erhalten Sie von uns auch Hilfe, wenn Sie keinen Empfang haben und eine Reparatur oder Wartung ansteht.<\/p>\n\n\n\n<p><\/p>\n","protected":false},"excerpt":{"rendered":"<p>SAT-Anlagen Insbesondere bei mehreren Nutzern muss die Installation der SAT-Anlage ausf\u00fchrlich geplant werden, sodass alle mit der gleich hohen Qualit\u00e4t an Satellitenfernsehen versorgt werden k\u00f6nnen. Optimierte Technik sorgt f\u00fcr st\u00f6rungsfreien Empfang. Wir beraten Sie gerne \u00fcber die M\u00f6glichkeiten der Empfangsoptimierung an Ihren Standort. Planung, Montage der Satelliten-Sch\u00fcssel (Parabolantenne) und\u00a0 Verlegung der Kabel sowie Installation aller &#8230; <a title=\"SAT-Anlagen\" class=\"read-more\" href=\"https:\/\/elektrotechnik-huefner.de\/?page_id=41\" aria-label=\"Mehr Informationen \u00fcber SAT-Anlagen\">Weiterlesen<\/a><\/p>\n","protected":false},"author":1,"featured_media":0,"parent":0,"menu_order":0,"comment_status":"closed","ping_status":"closed","template":"","meta":{"footnotes":""},"class_list":["post-41","page","type-page","status-publish"],"_links":{"self":[{"href":"https:\/\/elektrotechnik-huefner.de\/index.php?rest_route=\/wp\/v2\/pages\/41","targetHints":{"allow":["GET"]}}],"collection":[{"href":"https:\/\/elektrotechnik-huefner.de\/index.php?rest_route=\/wp\/v2\/pages"}],"about":[{"href":"https:\/\/elektrotechnik-huefner.de\/index.php?rest_route=\/wp\/v2\/types\/page"}],"author":[{"embeddable":true,"href":"https:\/\/elektrotechnik-huefner.de\/index.php?rest_route=\/wp\/v2\/users\/1"}],"replies":[{"embeddable":true,"href":"https:\/\/elektrotechnik-huefner.de\/index.php?rest_route=%2Fwp%2Fv2%2Fcomments&post=41"}],"version-history":[{"count":2,"href":"https:\/\/elektrotechnik-huefner.de\/index.php?rest_route=\/wp\/v2\/pages\/41\/revisions"}],"predecessor-version":[{"id":70,"href":"https:\/\/elektrotechnik-huefner.de\/index.php?rest_route=\/wp\/v2\/pages\/41\/revisions\/70"}],"wp:attachment":[{"href":"https:\/\/elektrotechnik-huefner.de\/index.php?rest_route=%2Fwp%2Fv2%2Fmedia&parent=41"}],"curies":[{"name":"wp","href":"https:\/\/api.w.org\/{rel}","templated":true}]}}