{"id":42,"date":"2020-09-22T09:38:17","date_gmt":"2020-09-22T09:38:17","guid":{"rendered":"http:\/\/elektrotechnik-huefner.de\/?page_id=42"},"modified":"2020-09-22T10:07:25","modified_gmt":"2020-09-22T10:07:25","slug":"sicherheitssysteme","status":"publish","type":"page","link":"https:\/\/elektrotechnik-huefner.de\/?page_id=42","title":{"rendered":"Sicherheitssysteme"},"content":{"rendered":"\n<p>Ob einfache Bewegungsmelder f\u00fcr die Au\u00dfenbeleuchtung, Kameras zur Video\u00fcberwachung, Rauchmelder f\u00fcr den Wohnbereich oder ein komplettes Sicherheitssystem:<\/p>\n\n\n\n<p>Wir beraten Sie fachkundig und erstellen auf Wunsch ein detailliertes Sicherheitskonzept.<\/p>\n\n\n\n<p>Rauchmelder<\/p>\n\n\n\n<p>Wie wichtig ein Rauchmelder sein kann, beweist die Statistik: J\u00e4hrlich brechen in Deutschland nahezu 200.000 Br\u00e4nde aus. H\u00e4ufig sind auch technische Defekte Brandausl\u00f6ser, die insbesondere in Privathaushalten zu einer t\u00f6dlichen Falle werden k\u00f6nnen. Gef\u00e4hrlicher als das Feuer selbst ist dabei die Rauchentwicklung.<\/p>\n\n\n\n<p>Auch in Hessen ist die Verwendung von Rauchmeldern gesetzliche Pflicht. Wir beraten Sie gerne \u00fcber Fristen und Einbauorte, \u00fcbernehmen die Montage und auf Wunsch die Wartung ihrer Rauchmelder.<\/p>\n\n\n\n<p>Video\u00fcberwachung<\/p>\n\n\n\n<p>Eine Video\u00fcberwachung soll Ihnen helfen in allen Ecken gleichzeitig zu schauen ohne Mehraufwand f\u00fcr Sie!<\/p>\n\n\n\n<p>Einbrecher kommen zu jeder Tageszeit. Alle Statistiken und Untersuchungen zur Einbruchh\u00e4ufigkeit sprechen f\u00fcr sich. Oft sind auch durchschnittliche Einfamilien- und Reihenh\u00e4user, oder Wohnungen in Mehrfamilienh\u00e4usern betroffen.<\/p>\n\n\n\n<p>Aber der Anteil der gescheiterten Einbr\u00fcche steigt kontinuierlich an. Mit anderen Worten: Die Investition in Alarmanlagen und Video\u00fcberwachung lohnt sich. Wir m\u00f6chten Ihnen helfen sich und ihr Eigentum zu sch\u00fctzen.<\/p>\n","protected":false},"excerpt":{"rendered":"<p>Ob einfache Bewegungsmelder f\u00fcr die Au\u00dfenbeleuchtung, Kameras zur Video\u00fcberwachung, Rauchmelder f\u00fcr den Wohnbereich oder ein komplettes Sicherheitssystem: Wir beraten Sie fachkundig und erstellen auf Wunsch ein detailliertes Sicherheitskonzept. Rauchmelder Wie wichtig ein Rauchmelder sein kann, beweist die Statistik: J\u00e4hrlich brechen in Deutschland nahezu 200.000 Br\u00e4nde aus. H\u00e4ufig sind auch technische Defekte Brandausl\u00f6ser, die insbesondere in &#8230; <a title=\"Sicherheitssysteme\" class=\"read-more\" href=\"https:\/\/elektrotechnik-huefner.de\/?page_id=42\" aria-label=\"Mehr Informationen \u00fcber Sicherheitssysteme\">Weiterlesen<\/a><\/p>\n","protected":false},"author":1,"featured_media":0,"parent":0,"menu_order":0,"comment_status":"closed","ping_status":"closed","template":"","meta":{"footnotes":""},"class_list":["post-42","page","type-page","status-publish"],"_links":{"self":[{"href":"https:\/\/elektrotechnik-huefner.de\/index.php?rest_route=\/wp\/v2\/pages\/42","targetHints":{"allow":["GET"]}}],"collection":[{"href":"https:\/\/elektrotechnik-huefner.de\/index.php?rest_route=\/wp\/v2\/pages"}],"about":[{"href":"https:\/\/elektrotechnik-huefner.de\/index.php?rest_route=\/wp\/v2\/types\/page"}],"author":[{"embeddable":true,"href":"https:\/\/elektrotechnik-huefner.de\/index.php?rest_route=\/wp\/v2\/users\/1"}],"replies":[{"embeddable":true,"href":"https:\/\/elektrotechnik-huefner.de\/index.php?rest_route=%2Fwp%2Fv2%2Fcomments&post=42"}],"version-history":[{"count":2,"href":"https:\/\/elektrotechnik-huefner.de\/index.php?rest_route=\/wp\/v2\/pages\/42\/revisions"}],"predecessor-version":[{"id":72,"href":"https:\/\/elektrotechnik-huefner.de\/index.php?rest_route=\/wp\/v2\/pages\/42\/revisions\/72"}],"wp:attachment":[{"href":"https:\/\/elektrotechnik-huefner.de\/index.php?rest_route=%2Fwp%2Fv2%2Fmedia&parent=42"}],"curies":[{"name":"wp","href":"https:\/\/api.w.org\/{rel}","templated":true}]}}